{"id":88,"date":"2020-01-04T18:11:11","date_gmt":"2020-01-04T18:11:11","guid":{"rendered":"http:\/\/pcpsicologia.com\/?page_id=88"},"modified":"2026-02-10T12:30:29","modified_gmt":"2026-02-10T12:30:29","slug":"sobre-mi","status":"publish","type":"page","link":"http:\/\/pcpsicologia.com\/index.php\/sobre-mi\/","title":{"rendered":"Sobre mi"},"content":{"rendered":"\t\t<div data-elementor-type=\"wp-page\" data-elementor-id=\"88\" class=\"elementor elementor-88\">\n\t\t\t\t\t\t<section class=\"elementor-section elementor-top-section elementor-element elementor-element-3fcbf043 elementor-section-content-middle elementor-section-boxed elementor-section-height-default elementor-section-height-default\" data-id=\"3fcbf043\" data-element_type=\"section\" data-e-type=\"section\">\n\t\t\t\t\t\t<div class=\"elementor-container elementor-column-gap-no\">\n\t\t\t\t\t<div class=\"elementor-column elementor-col-100 elementor-top-column elementor-element elementor-element-3542331c\" data-id=\"3542331c\" data-element_type=\"column\" data-e-type=\"column\">\n\t\t\t<div class=\"elementor-widget-wrap elementor-element-populated\">\n\t\t\t\t\t\t<div class=\"elementor-element elementor-element-147b0531 elementor-widget elementor-widget-image\" data-id=\"147b0531\" data-element_type=\"widget\" data-e-type=\"widget\" data-widget_type=\"image.default\">\n\t\t\t\t<div class=\"elementor-widget-container\">\n\t\t\t\t\t\t\t\t\t\t\t\t\t\t\t<img fetchpriority=\"high\" decoding=\"async\" width=\"1642\" height=\"1094\" src=\"http:\/\/pcpsicologia.com\/wp-content\/uploads\/2021\/01\/paula.-caterberg-1.jpg\" class=\"attachment-full size-full wp-image-520\" alt=\"\" srcset=\"http:\/\/pcpsicologia.com\/wp-content\/uploads\/2021\/01\/paula.-caterberg-1.jpg 1642w, http:\/\/pcpsicologia.com\/wp-content\/uploads\/2021\/01\/paula.-caterberg-1-300x200.jpg 300w, http:\/\/pcpsicologia.com\/wp-content\/uploads\/2021\/01\/paula.-caterberg-1-1024x682.jpg 1024w, http:\/\/pcpsicologia.com\/wp-content\/uploads\/2021\/01\/paula.-caterberg-1-768x512.jpg 768w, http:\/\/pcpsicologia.com\/wp-content\/uploads\/2021\/01\/paula.-caterberg-1-1536x1023.jpg 1536w\" sizes=\"(max-width: 1642px) 100vw, 1642px\" \/>\t\t\t\t\t\t\t\t\t\t\t\t\t\t\t<\/div>\n\t\t\t\t<\/div>\n\t\t\t\t\t<\/div>\n\t\t<\/div>\n\t\t\t\t\t<\/div>\n\t\t<\/section>\n\t\t\t\t<section class=\"elementor-section elementor-top-section elementor-element elementor-element-6d2e2899 elementor-section-content-middle elementor-section-boxed elementor-section-height-default elementor-section-height-default\" data-id=\"6d2e2899\" data-element_type=\"section\" data-e-type=\"section\">\n\t\t\t\t\t\t<div class=\"elementor-container elementor-column-gap-no\">\n\t\t\t\t\t<div class=\"elementor-column elementor-col-50 elementor-top-column elementor-element elementor-element-8ccdfd3\" data-id=\"8ccdfd3\" data-element_type=\"column\" data-e-type=\"column\">\n\t\t\t<div class=\"elementor-widget-wrap elementor-element-populated\">\n\t\t\t\t\t\t<div class=\"elementor-element elementor-element-6bf5d38d elementor-widget-divider--view-line elementor-widget elementor-widget-divider\" data-id=\"6bf5d38d\" data-element_type=\"widget\" data-e-type=\"widget\" data-widget_type=\"divider.default\">\n\t\t\t\t<div class=\"elementor-widget-container\">\n\t\t\t\t\t\t\t<div class=\"elementor-divider\">\n\t\t\t<span class=\"elementor-divider-separator\">\n\t\t\t\t\t\t<\/span>\n\t\t<\/div>\n\t\t\t\t\t\t<\/div>\n\t\t\t\t<\/div>\n\t\t\t\t<div class=\"elementor-element elementor-element-53ab1c2f elementor-widget elementor-widget-heading\" data-id=\"53ab1c2f\" data-element_type=\"widget\" data-e-type=\"widget\" data-widget_type=\"heading.default\">\n\t\t\t\t<div class=\"elementor-widget-container\">\n\t\t\t\t\t<h4 class=\"elementor-heading-title elementor-size-medium\">Experiencia professional<\/h4>\t\t\t\t<\/div>\n\t\t\t\t<\/div>\n\t\t\t\t\t<\/div>\n\t\t<\/div>\n\t\t\t\t<div class=\"elementor-column elementor-col-50 elementor-top-column elementor-element elementor-element-319ed6ce\" data-id=\"319ed6ce\" data-element_type=\"column\" data-e-type=\"column\" data-settings=\"{&quot;background_background&quot;:&quot;classic&quot;}\">\n\t\t\t<div class=\"elementor-widget-wrap elementor-element-populated\">\n\t\t\t\t\t\t<div class=\"elementor-element elementor-element-6d78a6bd elementor-widget elementor-widget-text-editor\" data-id=\"6d78a6bd\" data-element_type=\"widget\" data-e-type=\"widget\" data-widget_type=\"text-editor.default\">\n\t\t\t\t<div class=\"elementor-widget-container\">\n\t\t\t\t\t\t\t\t\t<ul>\n<li>Maig 2022 fins l&#8217;actualitat: <b>Psic\u00f2loga, Programa TCA. <\/b>CSMIJ Alt Empord\u00e0<b>.<\/b> Institut d&#8217;Assist\u00e8ncia Sanit\u00e0ria. Xarxa Salut Mental i Addiccions de Catalunya.<\/li><\/ul><ul>\n<li>Setembre 2009 i fins Desembre 2023 <b>Psic\u00f2loga: Psicoter\u00e0pia individual per nens, joves<\/b> <b>i adults. Consulta privada. Girona.<\/b><\/li>\n<\/ul>\n<ul>\n<li>Gener 2011 i fins l\u2019actualitat<b>: Psic\u00f2loga: Psicoter\u00e0pia individual per nens, joves<\/b> <b>i adults. Psicoter\u00e0pia familiar. <\/b>Centre CINER. Sant Juli\u00e0 de Ramis. Girona<\/li>\n<\/ul>\n<ul>\n<li>Setembre 2007 \u2013 Desembre 2011: <b>Cap d\u2019unitat i psic\u00f2loga<\/b>: atenci\u00f3 psicol\u00f2gica dels usuaris, coordinaci\u00f3 d\u2019equips, orientaci\u00f3 a les fam\u00edlies. Centre psicopedag\u00f2gic Nostra Sra. de Montserrat. Germanes Hospital\u00e0ries. Caldes de Malavella. (Girona).<\/li>\n<\/ul>\n<ul>\n<li>Maig 2006 \u2013 Agost 2007: <b>Coordinadora de grups de treball<\/b> <b>terap\u00e8utic<\/b>: intervenci\u00f3 estrat\u00e8gica a partir de activitats de din\u00e0mica grupal, jocs de rol, utilitzaci\u00f3 de eines de teatre per el desenvolupament personal; al Centre Terap\u00e8utic per a Joves La Cellera, Fla\u00e7\u00e0 (Girona).<\/li>\n<\/ul>\n<ul>\n<li>Abril 2004 &#8211; May 2006: <b>Psicoterapeuta grupal <\/b>al Centre de Dia de la cl\u00ednica psicoterap\u00e8utica Kur Klinicum, Tractament de la crisi. Barcelona.<\/li>\n<\/ul>\n<ul>\n<li>Desembre 2003 &#8211; Agost 2007: <b>Psic\u00f2loga:<span class=\"Apple-converted-space\">&nbsp;<\/span><\/b> <b>Psicoter\u00e0pia individual per nens, joves<\/b> i adults. Cl\u00ednica psicoterap\u00e8utica Kur Klinicum. Barcelona.<span class=\"Apple-converted-space\">&nbsp;<\/span><span class=\"Apple-converted-space\">&nbsp;<\/span><\/li>\n<\/ul>\n<ul>\n<li>1999-2000: Monitora de jocs teatrals per a nens amb discapacitat. Casa de la Cultura Matheu. Escobar (Argentina).<\/li>\n<\/ul>\n<ul>\n<li>1997-1998: Monitora al taller de Teatre i Expressi\u00f3 Corporal per a pacients psiqui\u00e0trics amb discapacitat ps\u00edquica. Fundaci\u00f3 APEX, Del Viso (Argentina).<span class=\"Apple-converted-space\">&nbsp;<\/span><\/li>\n<\/ul>\t\t\t\t\t\t\t\t<\/div>\n\t\t\t\t<\/div>\n\t\t\t\t\t<\/div>\n\t\t<\/div>\n\t\t\t\t\t<\/div>\n\t\t<\/section>\n\t\t\t\t<section class=\"elementor-section elementor-top-section elementor-element elementor-element-177c453 elementor-section-content-middle elementor-section-boxed elementor-section-height-default elementor-section-height-default\" data-id=\"177c453\" data-element_type=\"section\" data-e-type=\"section\">\n\t\t\t\t\t\t<div class=\"elementor-container elementor-column-gap-no\">\n\t\t\t\t\t<div class=\"elementor-column elementor-col-50 elementor-top-column elementor-element elementor-element-396987f8\" data-id=\"396987f8\" data-element_type=\"column\" data-e-type=\"column\">\n\t\t\t<div class=\"elementor-widget-wrap elementor-element-populated\">\n\t\t\t\t\t\t<div class=\"elementor-element elementor-element-6f91acfa elementor-widget-divider--view-line elementor-widget elementor-widget-divider\" data-id=\"6f91acfa\" data-element_type=\"widget\" data-e-type=\"widget\" data-widget_type=\"divider.default\">\n\t\t\t\t<div class=\"elementor-widget-container\">\n\t\t\t\t\t\t\t<div class=\"elementor-divider\">\n\t\t\t<span class=\"elementor-divider-separator\">\n\t\t\t\t\t\t<\/span>\n\t\t<\/div>\n\t\t\t\t\t\t<\/div>\n\t\t\t\t<\/div>\n\t\t\t\t<div class=\"elementor-element elementor-element-a3615e7 elementor-widget elementor-widget-heading\" data-id=\"a3615e7\" data-element_type=\"widget\" data-e-type=\"widget\" data-widget_type=\"heading.default\">\n\t\t\t\t<div class=\"elementor-widget-container\">\n\t\t\t\t\t<h4 class=\"elementor-heading-title elementor-size-default\">Titulacions<\/h4>\t\t\t\t<\/div>\n\t\t\t\t<\/div>\n\t\t\t\t\t<\/div>\n\t\t<\/div>\n\t\t\t\t<div class=\"elementor-column elementor-col-50 elementor-top-column elementor-element elementor-element-17b6938b\" data-id=\"17b6938b\" data-element_type=\"column\" data-e-type=\"column\" data-settings=\"{&quot;background_background&quot;:&quot;classic&quot;}\">\n\t\t\t<div class=\"elementor-widget-wrap elementor-element-populated\">\n\t\t\t\t\t\t<div class=\"elementor-element elementor-element-54d58ce7 elementor-widget elementor-widget-text-editor\" data-id=\"54d58ce7\" data-element_type=\"widget\" data-e-type=\"widget\" data-widget_type=\"text-editor.default\">\n\t\t\t\t<div class=\"elementor-widget-container\">\n\t\t\t\t\t\t\t\t\t<div><p align=\"justify\"><strong>Llicenciatura<\/strong> en Psicologia a la Universitat de Buenos Aires. Homologat pel Ministeri d&#8217;Educaci\u00f3 d&#8217;Espanya.<\/p><p align=\"justify\"><strong>Col\u00b7legiada 16407<\/strong>. COPC<\/p><p align=\"justify\"><strong>Master<\/strong> Universitari en Integraci\u00f3 de Persones amb Discapacitat: Habilitaci\u00f3 i Rehabilitaci\u00f3: T\u00edtul d&#8217;Expert. T\u00edtul propi de la Universitat de Salamanca.<\/p><p align=\"justify\"><strong>Postgrau<\/strong> en Grups i Salut Mental. Institut Universitari Fundaci\u00f3 Vidal i Barraquer. Barcelona.<\/p><p align=\"justify\"><strong>Postgrau<\/strong> en Pr\u00e0ctiques en Psicolog\u00eda Cl\u00ednica. Facultat de Psicolog\u00eda de la Universidad de Girona.<\/p><\/div><p align=\"justify\">Habilitaci\u00f3 com a <strong>Psic\u00f2log General Sanitari<\/strong>.<\/p>\t\t\t\t\t\t\t\t<\/div>\n\t\t\t\t<\/div>\n\t\t\t\t\t<\/div>\n\t\t<\/div>\n\t\t\t\t\t<\/div>\n\t\t<\/section>\n\t\t\t\t<section class=\"elementor-section elementor-top-section elementor-element elementor-element-42c99c15 elementor-section-content-middle elementor-section-boxed elementor-section-height-default elementor-section-height-default\" data-id=\"42c99c15\" data-element_type=\"section\" data-e-type=\"section\">\n\t\t\t\t\t\t<div class=\"elementor-container elementor-column-gap-no\">\n\t\t\t\t\t<div class=\"elementor-column elementor-col-50 elementor-top-column elementor-element elementor-element-40081a0c\" data-id=\"40081a0c\" data-element_type=\"column\" data-e-type=\"column\">\n\t\t\t<div class=\"elementor-widget-wrap elementor-element-populated\">\n\t\t\t\t\t\t<div class=\"elementor-element elementor-element-55c4ebb2 elementor-widget-divider--view-line elementor-widget elementor-widget-divider\" data-id=\"55c4ebb2\" data-element_type=\"widget\" data-e-type=\"widget\" data-widget_type=\"divider.default\">\n\t\t\t\t<div class=\"elementor-widget-container\">\n\t\t\t\t\t\t\t<div class=\"elementor-divider\">\n\t\t\t<span class=\"elementor-divider-separator\">\n\t\t\t\t\t\t<\/span>\n\t\t<\/div>\n\t\t\t\t\t\t<\/div>\n\t\t\t\t<\/div>\n\t\t\t\t<div class=\"elementor-element elementor-element-581b592c elementor-widget elementor-widget-heading\" data-id=\"581b592c\" data-element_type=\"widget\" data-e-type=\"widget\" data-widget_type=\"heading.default\">\n\t\t\t\t<div class=\"elementor-widget-container\">\n\t\t\t\t\t<h4 class=\"elementor-heading-title elementor-size-medium\">formaci\u00f3<\/h4>\t\t\t\t<\/div>\n\t\t\t\t<\/div>\n\t\t\t\t\t<\/div>\n\t\t<\/div>\n\t\t\t\t<div class=\"elementor-column elementor-col-50 elementor-top-column elementor-element elementor-element-78f000b7\" data-id=\"78f000b7\" data-element_type=\"column\" data-e-type=\"column\" data-settings=\"{&quot;background_background&quot;:&quot;classic&quot;}\">\n\t\t\t<div class=\"elementor-widget-wrap elementor-element-populated\">\n\t\t\t\t\t\t<div class=\"elementor-element elementor-element-567532b1 elementor-widget elementor-widget-text-editor\" data-id=\"567532b1\" data-element_type=\"widget\" data-e-type=\"widget\" data-widget_type=\"text-editor.default\">\n\t\t\t\t<div class=\"elementor-widget-container\">\n\t\t\t\t\t\t\t\t\t<ul><li>Formadora en el Abordatge i Maneig en els <strong>s\u00edmptomes dels TCA<\/strong>. IAS. Generalitat de Catalunya. 2025<\/li><li><strong>Epigen\u00e9tica<\/strong>: les marques del vincle i el trauma en el desemvolupament del psiquisme. ACPP. 2024<\/li><li>Curs Taller: <strong>Treball amb pares a la cl\u00ednica infantil i adolescent II<\/strong>. Gradiva. 2020-2021\u00a0<\/li><li>\u00a0<strong>Supervisi\u00f3<\/strong> quinzenal de casos cl\u00ednics amb Assumpci\u00f3 Plana Guinart. Psic\u00f2loga-psicoterapeuta FEAP, Girona.<\/li><li>Confer\u00e8ncia <b>Per una psicologia basada en la relaci\u00f3<\/b>\u00a0a c\u00e0rrec del Dr. Jorge L. Tiz\u00f3n, organitzada pel COPG. 2018.<\/li><li>Taller Pr\u00e0ctic de <strong>Psicoter\u00e0pia Psicoanal\u00ectica Relacional<\/strong>. ACPP. COPC. Girona<\/li><li>Seminari <strong>El vincle parental en les adopcions<\/strong>. Col\u00b7legi de psic\u00f2legs de Buenos Aires.\u00a0<\/li><li>Seminari d\u2019<strong>entrevistes inicials en la cl\u00ednica amb nens<\/strong>. Col\u00b7legi de psic\u00f2legs de Buenos Aires.\u00a0<\/li><li>Curs de <b>Suport conductual positiu en l\u2019abordatge de problemes de comportament<\/b>. Coordinadora de centres de profunds de Catalunya. Barcelona.<\/li><li>Curs d\u2019 extensi\u00f3 universit\u00e0ria: \u201c<b>Maltractament en las relacions de parella: bases te\u00f2riques i estrat\u00e8gies d\u2019intervenci\u00f3<\/b>\u201d. Facultat de Psicologia. Universitat Ramon Llull. Barcelona.<\/li><li>Jornada de formaci\u00f3 \u201c<strong>Abusos Sexuals a menors<\/strong>\u201d. Associaci\u00f3 FADA per l\u2019Assessorament i la Prevenci\u00f3 dels Abusos Sexuals a Menors. UdG.<\/li><li>Jornades Luso-Hispanes de \u201cDanza Movimiento Ter\u00e1pia\u201d. Institut del Teatre de Barcelona. Master en DMT. UAB<\/li><li>Curs extraordinari de Formaci\u00f3 Cont\u00ednua de la Universitat de Salamanca:\u00a0 \u00a0 \u00a0 \u00a0 \u201cCurs sobre Prevenci\u00f3 de defici\u00e8ncies<strong>\u201d<\/strong><\/li><li>Curs extraordinari de Formaci\u00f3 Cont\u00ednua de la Universitat de Salamanca:\u00a0 \u00a0 \u00a0 \u00a0 \u00a0 \u00a0 \u00a0 \u00a0 \u00a0 \u00a0 \u201cAccessibilitat i seguretat al medi f\u00edsic: evitaci\u00f3 de barreres arquitect\u00f2niques,\u00a0 urban\u00edstiques i de transport<strong>\u201d.<\/strong><\/li><li>Seminari \u201c<strong>T\u00e8cniques actives des d\u2019una perspectiva sist\u00e8mica<\/strong>\u201d, Psicodrama: Usos cl\u00ednics. T\u00e8cniques psicodram\u00e0tiques en ter\u00e0pia familiar, individual, parella i institucions. Llic. Rosa Pfefferman. Fundaci\u00f3 Gregory Bateson, Buenos Aires, (Argentina).\u00a0 \u00a0<\/li><li><strong>Cursos en psicologia sist\u00e8mica i ter\u00e0pia familiar<\/strong>. Direcci\u00f3: Llic. M. Wainstein. Facultat de Psicologia. UBA, Buenos Aires (Argentina)<\/li><li>Jornada de Presentaci\u00f3 Cl\u00ednica amb Discutidors. Hospital E. F. Erill. Escobar (Argentina).<\/li><li>Curs \u201cEmbar\u00e0s i avortament en l\u2019adolesc\u00e8ncia\u201d (12h.) Facultat de Psicologia. UBA, Buenos Aires (Argentina).<\/li><\/ul>\t\t\t\t\t\t\t\t<\/div>\n\t\t\t\t<\/div>\n\t\t\t\t\t<\/div>\n\t\t<\/div>\n\t\t\t\t\t<\/div>\n\t\t<\/section>\n\t\t\t\t<section class=\"elementor-section elementor-top-section elementor-element elementor-element-7e105980 elementor-section-content-middle elementor-section-boxed elementor-section-height-default elementor-section-height-default\" data-id=\"7e105980\" data-element_type=\"section\" data-e-type=\"section\">\n\t\t\t\t\t\t<div class=\"elementor-container elementor-column-gap-no\">\n\t\t\t\t\t<div class=\"elementor-column elementor-col-50 elementor-top-column elementor-element elementor-element-7b0c4009\" data-id=\"7b0c4009\" data-element_type=\"column\" data-e-type=\"column\">\n\t\t\t<div class=\"elementor-widget-wrap elementor-element-populated\">\n\t\t\t\t\t\t<div class=\"elementor-element elementor-element-71aefab2 elementor-widget-divider--view-line elementor-widget elementor-widget-divider\" data-id=\"71aefab2\" data-element_type=\"widget\" data-e-type=\"widget\" data-widget_type=\"divider.default\">\n\t\t\t\t<div class=\"elementor-widget-container\">\n\t\t\t\t\t\t\t<div class=\"elementor-divider\">\n\t\t\t<span class=\"elementor-divider-separator\">\n\t\t\t\t\t\t<\/span>\n\t\t<\/div>\n\t\t\t\t\t\t<\/div>\n\t\t\t\t<\/div>\n\t\t\t\t<div class=\"elementor-element elementor-element-39504251 elementor-widget elementor-widget-heading\" data-id=\"39504251\" data-element_type=\"widget\" data-e-type=\"widget\" data-widget_type=\"heading.default\">\n\t\t\t\t<div class=\"elementor-widget-container\">\n\t\t\t\t\t<h4 class=\"elementor-heading-title elementor-size-default\">altres experi\u00e8ncies<\/h4>\t\t\t\t<\/div>\n\t\t\t\t<\/div>\n\t\t\t\t\t<\/div>\n\t\t<\/div>\n\t\t\t\t<div class=\"elementor-column elementor-col-50 elementor-top-column elementor-element elementor-element-f15936e\" data-id=\"f15936e\" data-element_type=\"column\" data-e-type=\"column\" data-settings=\"{&quot;background_background&quot;:&quot;classic&quot;}\">\n\t\t\t<div class=\"elementor-widget-wrap elementor-element-populated\">\n\t\t\t\t\t\t<div class=\"elementor-element elementor-element-bd266b1 elementor-widget elementor-widget-text-editor\" data-id=\"bd266b1\" data-element_type=\"widget\" data-e-type=\"widget\" data-widget_type=\"text-editor.default\">\n\t\t\t\t<div class=\"elementor-widget-container\">\n\t\t\t\t\t\t\t\t\t<ul><li>Integrant del Grup de Treball de Psicoter\u00e0pia Psicoanal\u00edtica al COPC a Girona.<\/li><li>Xerrada sobre &#8220;L&#8217;adolescencia&#8221;. Farm\u00e0cia Laura Iba\u00f1es. Sant Gregori. Girona<\/li><li>Xerrada &#8220;Els l\u00edmits en els infant&#8221; i &#8220;Ravietes: com actuem&#8221;. CINER. St. Juli\u00e0 de Ramis.<\/li><li>\u00a0Coordinadora del taller vivencial \u201cCreixement de les vincles de parella per la prevenci\u00f3 de la viol\u00e8ncia de g\u00e8nere\u201d. Centre Civic Golfericg. Barcelona.<\/li><li>2006: Membre integrant de \u2018Umbral\u2019, Xarxa de Psicoterapeutes de Catalunya.<\/li><li>2005: Entrevista al programa \u201cCultura de Vida\u201d de Catalunya R\u00e0dio envers l\u2019Acompanyament Terap\u00e8utic.<span class=\"Apple-converted-space\">\u00a0<\/span><\/li><li>2004: Col\u00b7laboraci\u00f3 en el disseny del Programa de Suport Psicol\u00f2gic per a Joves Tutelats del CRAE Albera de Figueres (Escaler Coop.).<\/li><\/ul>\t\t\t\t\t\t\t\t<\/div>\n\t\t\t\t<\/div>\n\t\t\t\t\t<\/div>\n\t\t<\/div>\n\t\t\t\t\t<\/div>\n\t\t<\/section>\n\t\t\t\t<\/div>\n\t\t","protected":false},"excerpt":{"rendered":"<p>Experiencia professional Maig 2022 fins l&#8217;actualitat: Psic\u00f2loga, Programa TCA. CSMIJ Alt Empord\u00e0. Institut d&#8217;Assist\u00e8ncia Sanit\u00e0ria. Xarxa Salut Mental i Addiccions de Catalunya. Setembre 2009 i fins Desembre 2023 Psic\u00f2loga: Psicoter\u00e0pia individual per nens, joves i adults. Consulta privada. Girona. Gener 2011 i fins l\u2019actualitat: Psic\u00f2loga: Psicoter\u00e0pia individual per nens, joves i adults. Psicoter\u00e0pia familiar. Centre [&hellip;]<\/p>\n","protected":false},"author":1,"featured_media":0,"parent":0,"menu_order":0,"comment_status":"closed","ping_status":"closed","template":"","meta":{"site-sidebar-layout":"no-sidebar","site-content-layout":"page-builder","ast-site-content-layout":"default","site-content-style":"default","site-sidebar-style":"default","ast-global-header-display":"","ast-banner-title-visibility":"","ast-main-header-display":"","ast-hfb-above-header-display":"","ast-hfb-below-header-display":"","ast-hfb-mobile-header-display":"","site-post-title":"disabled","ast-breadcrumbs-content":"","ast-featured-img":"disabled","footer-sml-layout":"","ast-disable-related-posts":"","theme-transparent-header-meta":"default","adv-header-id-meta":"","stick-header-meta":"","header-above-stick-meta":"","header-main-stick-meta":"","header-below-stick-meta":"","astra-migrate-meta-layouts":"default","ast-page-background-enabled":"default","ast-page-background-meta":{"desktop":{"background-color":"","background-image":"","background-repeat":"repeat","background-position":"center center","background-size":"auto","background-attachment":"scroll","background-type":"","background-media":"","overlay-type":"","overlay-color":"","overlay-opacity":"","overlay-gradient":""},"tablet":{"background-color":"","background-image":"","background-repeat":"repeat","background-position":"center center","background-size":"auto","background-attachment":"scroll","background-type":"","background-media":"","overlay-type":"","overlay-color":"","overlay-opacity":"","overlay-gradient":""},"mobile":{"background-color":"","background-image":"","background-repeat":"repeat","background-position":"center center","background-size":"auto","background-attachment":"scroll","background-type":"","background-media":"","overlay-type":"","overlay-color":"","overlay-opacity":"","overlay-gradient":""}},"ast-content-background-meta":{"desktop":{"background-color":"var(--ast-global-color-5)","background-image":"","background-repeat":"repeat","background-position":"center center","background-size":"auto","background-attachment":"scroll","background-type":"","background-media":"","overlay-type":"","overlay-color":"","overlay-opacity":"","overlay-gradient":""},"tablet":{"background-color":"var(--ast-global-color-5)","background-image":"","background-repeat":"repeat","background-position":"center center","background-size":"auto","background-attachment":"scroll","background-type":"","background-media":"","overlay-type":"","overlay-color":"","overlay-opacity":"","overlay-gradient":""},"mobile":{"background-color":"var(--ast-global-color-5)","background-image":"","background-repeat":"repeat","background-position":"center center","background-size":"auto","background-attachment":"scroll","background-type":"","background-media":"","overlay-type":"","overlay-color":"","overlay-opacity":"","overlay-gradient":""}},"footnotes":""},"class_list":["post-88","page","type-page","status-publish","hentry"],"_links":{"self":[{"href":"http:\/\/pcpsicologia.com\/index.php\/wp-json\/wp\/v2\/pages\/88","targetHints":{"allow":["GET"]}}],"collection":[{"href":"http:\/\/pcpsicologia.com\/index.php\/wp-json\/wp\/v2\/pages"}],"about":[{"href":"http:\/\/pcpsicologia.com\/index.php\/wp-json\/wp\/v2\/types\/page"}],"author":[{"embeddable":true,"href":"http:\/\/pcpsicologia.com\/index.php\/wp-json\/wp\/v2\/users\/1"}],"replies":[{"embeddable":true,"href":"http:\/\/pcpsicologia.com\/index.php\/wp-json\/wp\/v2\/comments?post=88"}],"version-history":[{"count":53,"href":"http:\/\/pcpsicologia.com\/index.php\/wp-json\/wp\/v2\/pages\/88\/revisions"}],"predecessor-version":[{"id":1060,"href":"http:\/\/pcpsicologia.com\/index.php\/wp-json\/wp\/v2\/pages\/88\/revisions\/1060"}],"wp:attachment":[{"href":"http:\/\/pcpsicologia.com\/index.php\/wp-json\/wp\/v2\/media?parent=88"}],"curies":[{"name":"wp","href":"https:\/\/api.w.org\/{rel}","templated":true}]}}