{"id":218,"date":"2020-01-12T10:29:08","date_gmt":"2020-01-12T10:29:08","guid":{"rendered":"http:\/\/pcpsicologia.com\/?page_id=218"},"modified":"2026-02-07T18:56:12","modified_gmt":"2026-02-07T18:56:12","slug":"serveis-2","status":"publish","type":"page","link":"https:\/\/pcpsicologia.com\/index.php\/serveis-2\/","title":{"rendered":"Serveis"},"content":{"rendered":"\t\t<div data-elementor-type=\"wp-page\" data-elementor-id=\"218\" class=\"elementor elementor-218\">\n\t\t\t\t\t\t<section class=\"elementor-section elementor-top-section elementor-element elementor-element-59032202 elementor-section-content-middle elementor-section-boxed elementor-section-height-default elementor-section-height-default\" data-id=\"59032202\" data-element_type=\"section\" data-e-type=\"section\">\n\t\t\t\t\t\t<div class=\"elementor-container elementor-column-gap-no\">\n\t\t\t\t\t<div class=\"elementor-column elementor-col-100 elementor-top-column elementor-element elementor-element-67e9a14d\" data-id=\"67e9a14d\" data-element_type=\"column\" data-e-type=\"column\">\n\t\t\t<div class=\"elementor-widget-wrap elementor-element-populated\">\n\t\t\t\t\t\t<section class=\"elementor-section elementor-inner-section elementor-element elementor-element-7fcb00e2 elementor-section-content-middle elementor-section-boxed elementor-section-height-default elementor-section-height-default\" data-id=\"7fcb00e2\" data-element_type=\"section\" data-e-type=\"section\">\n\t\t\t\t\t\t<div class=\"elementor-container elementor-column-gap-no\">\n\t\t\t\t\t<div class=\"elementor-column elementor-col-50 elementor-inner-column elementor-element elementor-element-f744e7d\" data-id=\"f744e7d\" data-element_type=\"column\" data-e-type=\"column\" data-settings=\"{&quot;background_background&quot;:&quot;classic&quot;}\">\n\t\t\t<div class=\"elementor-widget-wrap elementor-element-populated\">\n\t\t\t\t\t<div class=\"elementor-background-overlay\"><\/div>\n\t\t\t\t\t\t<div class=\"elementor-element elementor-element-511c76b elementor-position-top elementor-widget elementor-widget-image-box\" data-id=\"511c76b\" data-element_type=\"widget\" data-e-type=\"widget\" data-widget_type=\"image-box.default\">\n\t\t\t\t<div class=\"elementor-widget-container\">\n\t\t\t\t\t<div class=\"elementor-image-box-wrapper\"><figure class=\"elementor-image-box-img\"><img fetchpriority=\"high\" decoding=\"async\" width=\"768\" height=\"512\" src=\"https:\/\/pcpsicologia.com\/wp-content\/uploads\/2020\/01\/terapia-adolescet-i-joves-768x512.jpg\" class=\"elementor-animation-grow attachment-medium_large size-medium_large wp-image-138\" alt=\"\" srcset=\"https:\/\/pcpsicologia.com\/wp-content\/uploads\/2020\/01\/terapia-adolescet-i-joves-768x512.jpg 768w, https:\/\/pcpsicologia.com\/wp-content\/uploads\/2020\/01\/terapia-adolescet-i-joves-300x200.jpg 300w, https:\/\/pcpsicologia.com\/wp-content\/uploads\/2020\/01\/terapia-adolescet-i-joves-1024x683.jpg 1024w, https:\/\/pcpsicologia.com\/wp-content\/uploads\/2020\/01\/terapia-adolescet-i-joves-1536x1024.jpg 1536w, https:\/\/pcpsicologia.com\/wp-content\/uploads\/2020\/01\/terapia-adolescet-i-joves-2048x1365.jpg 2048w\" sizes=\"(max-width: 768px) 100vw, 768px\" \/><\/figure><div class=\"elementor-image-box-content\"><h3 class=\"elementor-image-box-title\">Psicoter\u00e0pia per Adolescents i Joves<\/h3><\/div><\/div>\t\t\t\t<\/div>\n\t\t\t\t<\/div>\n\t\t\t\t<div class=\"elementor-element elementor-element-61c7cda elementor-align-center elementor-button-info elementor-widget elementor-widget-button\" data-id=\"61c7cda\" data-element_type=\"widget\" data-e-type=\"widget\" data-widget_type=\"button.default\">\n\t\t\t\t<div class=\"elementor-widget-container\">\n\t\t\t\t\t\t\t\t\t<div class=\"elementor-button-wrapper\">\n\t\t\t\t\t<a class=\"elementor-button elementor-button-link elementor-size-sm\" href=\"http:\/\/pcpsicologia.com\/index.php\/psicoterapia-per-adolescent-i-joves\/\">\n\t\t\t\t\t\t<span class=\"elementor-button-content-wrapper\">\n\t\t\t\t\t\t\t\t\t<span class=\"elementor-button-text\">ver m\u00e9s<\/span>\n\t\t\t\t\t<\/span>\n\t\t\t\t\t<\/a>\n\t\t\t\t<\/div>\n\t\t\t\t\t\t\t\t<\/div>\n\t\t\t\t<\/div>\n\t\t\t\t\t<\/div>\n\t\t<\/div>\n\t\t\t\t<div class=\"elementor-column elementor-col-50 elementor-inner-column elementor-element elementor-element-68b75800\" data-id=\"68b75800\" data-element_type=\"column\" data-e-type=\"column\" data-settings=\"{&quot;background_background&quot;:&quot;classic&quot;}\">\n\t\t\t<div class=\"elementor-widget-wrap elementor-element-populated\">\n\t\t\t\t\t\t<div class=\"elementor-element elementor-element-33d6108f elementor-position-top elementor-widget elementor-widget-image-box\" data-id=\"33d6108f\" data-element_type=\"widget\" data-e-type=\"widget\" data-widget_type=\"image-box.default\">\n\t\t\t\t<div class=\"elementor-widget-container\">\n\t\t\t\t\t<div class=\"elementor-image-box-wrapper\"><figure class=\"elementor-image-box-img\"><img decoding=\"async\" width=\"2560\" height=\"1579\" src=\"https:\/\/pcpsicologia.com\/wp-content\/uploads\/2020\/01\/terapia-adults-scaled.jpg\" class=\"elementor-animation-grow attachment-full size-full wp-image-140\" alt=\"\" srcset=\"https:\/\/pcpsicologia.com\/wp-content\/uploads\/2020\/01\/terapia-adults-scaled.jpg 2560w, https:\/\/pcpsicologia.com\/wp-content\/uploads\/2020\/01\/terapia-adults-300x185.jpg 300w, https:\/\/pcpsicologia.com\/wp-content\/uploads\/2020\/01\/terapia-adults-1024x632.jpg 1024w, https:\/\/pcpsicologia.com\/wp-content\/uploads\/2020\/01\/terapia-adults-768x474.jpg 768w, https:\/\/pcpsicologia.com\/wp-content\/uploads\/2020\/01\/terapia-adults-1536x947.jpg 1536w, https:\/\/pcpsicologia.com\/wp-content\/uploads\/2020\/01\/terapia-adults-2048x1263.jpg 2048w\" sizes=\"(max-width: 2560px) 100vw, 2560px\" \/><\/figure><div class=\"elementor-image-box-content\"><h3 class=\"elementor-image-box-title\">Psicoterapia per Adults<\/h3><\/div><\/div>\t\t\t\t<\/div>\n\t\t\t\t<\/div>\n\t\t\t\t<div class=\"elementor-element elementor-element-25212ac6 elementor-align-center elementor-button-info elementor-widget elementor-widget-button\" data-id=\"25212ac6\" data-element_type=\"widget\" data-e-type=\"widget\" data-widget_type=\"button.default\">\n\t\t\t\t<div class=\"elementor-widget-container\">\n\t\t\t\t\t\t\t\t\t<div class=\"elementor-button-wrapper\">\n\t\t\t\t\t<a class=\"elementor-button elementor-button-link elementor-size-sm\" href=\"http:\/\/pcpsicologia.com\/index.php\/psicoterapia-per-adults\/\">\n\t\t\t\t\t\t<span class=\"elementor-button-content-wrapper\">\n\t\t\t\t\t\t\t\t\t<span class=\"elementor-button-text\">ver m\u00e9s<\/span>\n\t\t\t\t\t<\/span>\n\t\t\t\t\t<\/a>\n\t\t\t\t<\/div>\n\t\t\t\t\t\t\t\t<\/div>\n\t\t\t\t<\/div>\n\t\t\t\t\t<\/div>\n\t\t<\/div>\n\t\t\t\t\t<\/div>\n\t\t<\/section>\n\t\t\t\t<section class=\"elementor-section elementor-inner-section elementor-element elementor-element-3d019e64 elementor-section-content-middle elementor-section-boxed elementor-section-height-default elementor-section-height-default\" data-id=\"3d019e64\" data-element_type=\"section\" data-e-type=\"section\">\n\t\t\t\t\t\t<div class=\"elementor-container elementor-column-gap-no\">\n\t\t\t\t\t<div class=\"elementor-column elementor-col-33 elementor-inner-column elementor-element elementor-element-beeb952\" data-id=\"beeb952\" data-element_type=\"column\" data-e-type=\"column\" data-settings=\"{&quot;background_background&quot;:&quot;classic&quot;}\">\n\t\t\t<div class=\"elementor-widget-wrap elementor-element-populated\">\n\t\t\t\t\t\t<div class=\"elementor-element elementor-element-34ae2a62 elementor-position-top elementor-widget elementor-widget-image-box\" data-id=\"34ae2a62\" data-element_type=\"widget\" data-e-type=\"widget\" data-widget_type=\"image-box.default\">\n\t\t\t\t<div class=\"elementor-widget-container\">\n\t\t\t\t\t<div class=\"elementor-image-box-wrapper\"><figure class=\"elementor-image-box-img\"><img decoding=\"async\" width=\"2560\" height=\"2560\" src=\"https:\/\/pcpsicologia.com\/wp-content\/uploads\/2020\/01\/asesosorament-familiar-scaled.jpg\" class=\"elementor-animation-grow attachment-full size-full wp-image-143\" alt=\"\" srcset=\"https:\/\/pcpsicologia.com\/wp-content\/uploads\/2020\/01\/asesosorament-familiar-scaled.jpg 2560w, https:\/\/pcpsicologia.com\/wp-content\/uploads\/2020\/01\/asesosorament-familiar-300x300.jpg 300w, https:\/\/pcpsicologia.com\/wp-content\/uploads\/2020\/01\/asesosorament-familiar-1024x1024.jpg 1024w, https:\/\/pcpsicologia.com\/wp-content\/uploads\/2020\/01\/asesosorament-familiar-150x150.jpg 150w, https:\/\/pcpsicologia.com\/wp-content\/uploads\/2020\/01\/asesosorament-familiar-768x768.jpg 768w, https:\/\/pcpsicologia.com\/wp-content\/uploads\/2020\/01\/asesosorament-familiar-1536x1536.jpg 1536w, https:\/\/pcpsicologia.com\/wp-content\/uploads\/2020\/01\/asesosorament-familiar-2048x2048.jpg 2048w\" sizes=\"(max-width: 2560px) 100vw, 2560px\" \/><\/figure><div class=\"elementor-image-box-content\"><h3 class=\"elementor-image-box-title\">Assessorament a Fam\u00edlias<\/h3><\/div><\/div>\t\t\t\t<\/div>\n\t\t\t\t<\/div>\n\t\t\t\t<div class=\"elementor-element elementor-element-1c55ff20 elementor-align-center elementor-button-info elementor-widget elementor-widget-button\" data-id=\"1c55ff20\" data-element_type=\"widget\" data-e-type=\"widget\" data-widget_type=\"button.default\">\n\t\t\t\t<div class=\"elementor-widget-container\">\n\t\t\t\t\t\t\t\t\t<div class=\"elementor-button-wrapper\">\n\t\t\t\t\t<a class=\"elementor-button elementor-button-link elementor-size-sm\" href=\"http:\/\/pcpsicologia.com\/index.php\/assessorament-familiar\/\">\n\t\t\t\t\t\t<span class=\"elementor-button-content-wrapper\">\n\t\t\t\t\t\t\t\t\t<span class=\"elementor-button-text\">ver m\u00e9s<\/span>\n\t\t\t\t\t<\/span>\n\t\t\t\t\t<\/a>\n\t\t\t\t<\/div>\n\t\t\t\t\t\t\t\t<\/div>\n\t\t\t\t<\/div>\n\t\t\t\t\t<\/div>\n\t\t<\/div>\n\t\t\t\t<div class=\"elementor-column elementor-col-33 elementor-inner-column elementor-element elementor-element-264695c\" data-id=\"264695c\" data-element_type=\"column\" data-e-type=\"column\" data-settings=\"{&quot;background_background&quot;:&quot;classic&quot;}\">\n\t\t\t<div class=\"elementor-widget-wrap elementor-element-populated\">\n\t\t\t\t\t\t<div class=\"elementor-element elementor-element-a28d87e elementor-position-top elementor-widget elementor-widget-image-box\" data-id=\"a28d87e\" data-element_type=\"widget\" data-e-type=\"widget\" data-widget_type=\"image-box.default\">\n\t\t\t\t<div class=\"elementor-widget-container\">\n\t\t\t\t\t<div class=\"elementor-image-box-wrapper\"><figure class=\"elementor-image-box-img\"><img loading=\"lazy\" decoding=\"async\" width=\"768\" height=\"512\" src=\"https:\/\/pcpsicologia.com\/wp-content\/uploads\/2020\/01\/terapia-on-line-768x512.jpg\" class=\"elementor-animation-grow attachment-medium_large size-medium_large wp-image-145\" alt=\"\" srcset=\"https:\/\/pcpsicologia.com\/wp-content\/uploads\/2020\/01\/terapia-on-line-768x512.jpg 768w, https:\/\/pcpsicologia.com\/wp-content\/uploads\/2020\/01\/terapia-on-line-300x200.jpg 300w, https:\/\/pcpsicologia.com\/wp-content\/uploads\/2020\/01\/terapia-on-line-1024x683.jpg 1024w, https:\/\/pcpsicologia.com\/wp-content\/uploads\/2020\/01\/terapia-on-line-1536x1024.jpg 1536w, https:\/\/pcpsicologia.com\/wp-content\/uploads\/2020\/01\/terapia-on-line-2048x1365.jpg 2048w\" sizes=\"(max-width: 768px) 100vw, 768px\" \/><\/figure><div class=\"elementor-image-box-content\"><h3 class=\"elementor-image-box-title\">Psicoter\u00e0pia <br> on-line<\/h3><\/div><\/div>\t\t\t\t<\/div>\n\t\t\t\t<\/div>\n\t\t\t\t<div class=\"elementor-element elementor-element-5cec1e2 elementor-align-center elementor-button-info elementor-widget elementor-widget-button\" data-id=\"5cec1e2\" data-element_type=\"widget\" data-e-type=\"widget\" data-widget_type=\"button.default\">\n\t\t\t\t<div class=\"elementor-widget-container\">\n\t\t\t\t\t\t\t\t\t<div class=\"elementor-button-wrapper\">\n\t\t\t\t\t<a class=\"elementor-button elementor-button-link elementor-size-sm\" href=\"http:\/\/pcpsicologia.com\/index.php\/psicoterapia-on-line\/\">\n\t\t\t\t\t\t<span class=\"elementor-button-content-wrapper\">\n\t\t\t\t\t\t\t\t\t<span class=\"elementor-button-text\">ver m\u00e9s<\/span>\n\t\t\t\t\t<\/span>\n\t\t\t\t\t<\/a>\n\t\t\t\t<\/div>\n\t\t\t\t\t\t\t\t<\/div>\n\t\t\t\t<\/div>\n\t\t\t\t\t<\/div>\n\t\t<\/div>\n\t\t\t\t<div class=\"elementor-column elementor-col-33 elementor-inner-column elementor-element elementor-element-64a48a85\" data-id=\"64a48a85\" data-element_type=\"column\" data-e-type=\"column\" data-settings=\"{&quot;background_background&quot;:&quot;classic&quot;}\">\n\t\t\t<div class=\"elementor-widget-wrap elementor-element-populated\">\n\t\t\t\t\t\t<div class=\"elementor-element elementor-element-6754bac1 elementor-position-top elementor-widget elementor-widget-image-box\" data-id=\"6754bac1\" data-element_type=\"widget\" data-e-type=\"widget\" data-widget_type=\"image-box.default\">\n\t\t\t\t<div class=\"elementor-widget-container\">\n\t\t\t\t\t<div class=\"elementor-image-box-wrapper\"><figure class=\"elementor-image-box-img\"><img loading=\"lazy\" decoding=\"async\" width=\"2560\" height=\"1709\" src=\"https:\/\/pcpsicologia.com\/wp-content\/uploads\/2020\/01\/terapia-focal.jpg\" class=\"elementor-animation-grow attachment-full size-full wp-image-146\" alt=\"\" srcset=\"https:\/\/pcpsicologia.com\/wp-content\/uploads\/2020\/01\/terapia-focal.jpg 2560w, https:\/\/pcpsicologia.com\/wp-content\/uploads\/2020\/01\/terapia-focal-300x200.jpg 300w, https:\/\/pcpsicologia.com\/wp-content\/uploads\/2020\/01\/terapia-focal-1024x684.jpg 1024w, https:\/\/pcpsicologia.com\/wp-content\/uploads\/2020\/01\/terapia-focal-768x513.jpg 768w, https:\/\/pcpsicologia.com\/wp-content\/uploads\/2020\/01\/terapia-focal-1536x1025.jpg 1536w, https:\/\/pcpsicologia.com\/wp-content\/uploads\/2020\/01\/terapia-focal-2048x1367.jpg 2048w\" sizes=\"(max-width: 2560px) 100vw, 2560px\" \/><\/figure><div class=\"elementor-image-box-content\"><h3 class=\"elementor-image-box-title\">Assessorament Terape\u00fatic Breu<\/h3><\/div><\/div>\t\t\t\t<\/div>\n\t\t\t\t<\/div>\n\t\t\t\t<div class=\"elementor-element elementor-element-10a3c8af elementor-align-center elementor-button-info elementor-widget elementor-widget-button\" data-id=\"10a3c8af\" data-element_type=\"widget\" data-e-type=\"widget\" data-widget_type=\"button.default\">\n\t\t\t\t<div class=\"elementor-widget-container\">\n\t\t\t\t\t\t\t\t\t<div class=\"elementor-button-wrapper\">\n\t\t\t\t\t<a class=\"elementor-button elementor-button-link elementor-size-sm\" href=\"http:\/\/pcpsicologia.com\/index.php\/assessorament-breu\/\">\n\t\t\t\t\t\t<span class=\"elementor-button-content-wrapper\">\n\t\t\t\t\t\t\t\t\t<span class=\"elementor-button-text\">ver m\u00e9s<\/span>\n\t\t\t\t\t<\/span>\n\t\t\t\t\t<\/a>\n\t\t\t\t<\/div>\n\t\t\t\t\t\t\t\t<\/div>\n\t\t\t\t<\/div>\n\t\t\t\t\t<\/div>\n\t\t<\/div>\n\t\t\t\t\t<\/div>\n\t\t<\/section>\n\t\t\t\t\t<\/div>\n\t\t<\/div>\n\t\t\t\t\t<\/div>\n\t\t<\/section>\n\t\t\t\t<\/div>\n\t\t","protected":false},"excerpt":{"rendered":"<p>Psicoter\u00e0pia per Adolescents i Joves ver m\u00e9s Psicoterapia per Adults ver m\u00e9s Assessorament a Fam\u00edlias ver m\u00e9s Psicoter\u00e0pia on-line ver m\u00e9s Assessorament Terape\u00fatic Breu ver m\u00e9s<\/p>\n","protected":false},"author":1,"featured_media":0,"parent":0,"menu_order":0,"comment_status":"closed","ping_status":"closed","template":"","meta":{"site-sidebar-layout":"no-sidebar","site-content-layout":"page-builder","ast-site-content-layout":"default","site-content-style":"default","site-sidebar-style":"default","ast-global-header-display":"","ast-banner-title-visibility":"","ast-main-header-display":"","ast-hfb-above-header-display":"","ast-hfb-below-header-display":"","ast-hfb-mobile-header-display":"","site-post-title":"disabled","ast-breadcrumbs-content":"","ast-featured-img":"disabled","footer-sml-layout":"","ast-disable-related-posts":"","theme-transparent-header-meta":"default","adv-header-id-meta":"","stick-header-meta":"","header-above-stick-meta":"","header-main-stick-meta":"","header-below-stick-meta":"","astra-migrate-meta-layouts":"default","ast-page-background-enabled":"default","ast-page-background-meta":{"desktop":{"background-color":"","background-image":"","background-repeat":"repeat","background-position":"center center","background-size":"auto","background-attachment":"scroll","background-type":"","background-media":"","overlay-type":"","overlay-color":"","overlay-opacity":"","overlay-gradient":""},"tablet":{"background-color":"","background-image":"","background-repeat":"repeat","background-position":"center center","background-size":"auto","background-attachment":"scroll","background-type":"","background-media":"","overlay-type":"","overlay-color":"","overlay-opacity":"","overlay-gradient":""},"mobile":{"background-color":"","background-image":"","background-repeat":"repeat","background-position":"center center","background-size":"auto","background-attachment":"scroll","background-type":"","background-media":"","overlay-type":"","overlay-color":"","overlay-opacity":"","overlay-gradient":""}},"ast-content-background-meta":{"desktop":{"background-color":"var(--ast-global-color-5)","background-image":"","background-repeat":"repeat","background-position":"center center","background-size":"auto","background-attachment":"scroll","background-type":"","background-media":"","overlay-type":"","overlay-color":"","overlay-opacity":"","overlay-gradient":""},"tablet":{"background-color":"var(--ast-global-color-5)","background-image":"","background-repeat":"repeat","background-position":"center center","background-size":"auto","background-attachment":"scroll","background-type":"","background-media":"","overlay-type":"","overlay-color":"","overlay-opacity":"","overlay-gradient":""},"mobile":{"background-color":"var(--ast-global-color-5)","background-image":"","background-repeat":"repeat","background-position":"center center","background-size":"auto","background-attachment":"scroll","background-type":"","background-media":"","overlay-type":"","overlay-color":"","overlay-opacity":"","overlay-gradient":""}},"footnotes":""},"class_list":["post-218","page","type-page","status-publish","hentry"],"_links":{"self":[{"href":"https:\/\/pcpsicologia.com\/index.php\/wp-json\/wp\/v2\/pages\/218","targetHints":{"allow":["GET"]}}],"collection":[{"href":"https:\/\/pcpsicologia.com\/index.php\/wp-json\/wp\/v2\/pages"}],"about":[{"href":"https:\/\/pcpsicologia.com\/index.php\/wp-json\/wp\/v2\/types\/page"}],"author":[{"embeddable":true,"href":"https:\/\/pcpsicologia.com\/index.php\/wp-json\/wp\/v2\/users\/1"}],"replies":[{"embeddable":true,"href":"https:\/\/pcpsicologia.com\/index.php\/wp-json\/wp\/v2\/comments?post=218"}],"version-history":[{"count":41,"href":"https:\/\/pcpsicologia.com\/index.php\/wp-json\/wp\/v2\/pages\/218\/revisions"}],"predecessor-version":[{"id":1056,"href":"https:\/\/pcpsicologia.com\/index.php\/wp-json\/wp\/v2\/pages\/218\/revisions\/1056"}],"wp:attachment":[{"href":"https:\/\/pcpsicologia.com\/index.php\/wp-json\/wp\/v2\/media?parent=218"}],"curies":[{"name":"wp","href":"https:\/\/api.w.org\/{rel}","templated":true}]}}